{"id":198,"date":"2023-05-28T17:43:24","date_gmt":"2023-05-28T15:43:24","guid":{"rendered":"https:\/\/www.berning-consulting.de\/?page_id=198"},"modified":"2023-05-28T17:44:42","modified_gmt":"2023-05-28T15:44:42","slug":"disclaimer","status":"publish","type":"page","link":"https:\/\/www.berning-consulting.de\/it\/disclaimer\/","title":{"rendered":"Disclaimer"},"content":{"rendered":"\n<style type=\"text\/css\" data-created_by=\"avia_inline_auto\" id=\"style-css-av-7kxrq-4a27f31d51c30d2ef1bee029dd249ee6\">\n.flex_column.av-7kxrq-4a27f31d51c30d2ef1bee029dd249ee6{\nborder-radius:0px 0px 0px 0px;\npadding:0px 0px 0px 0px;\n}\n<\/style>\n<div  class='flex_column av-7kxrq-4a27f31d51c30d2ef1bee029dd249ee6 av_one_full  avia-builder-el-0  avia-builder-el-no-sibling  first flex_column_div av-zero-column-padding  '     ><section  class='av_textblock_section av-li7lbbcb-1196e4cdb2c6a32b1205cec4da3c8bd4 '   itemscope=\"itemscope\" itemtype=\"https:\/\/schema.org\/CreativeWork\" ><div class='avia_textblock'  itemprop=\"text\" ><h1>Disclaimer<\/h1>\n<h2>Responsabilit\u00e0 per i contenuti<\/h2>\n<p>In qualit\u00e0 di fornitore di servizi, siamo responsabili dei nostri contenuti su queste pagine in conformit\u00e0 alla legislazione generale ai sensi dell&#8217;articolo 7 (1) della legge tedesca sui media telematici (TMG). Tuttavia, ai sensi dei \u00a7\u00a7 da 8 a 10 della TMG, non siamo obbligati, in quanto fornitori di servizi, a monitorare le informazioni trasmesse o memorizzate da terzi o a indagare su circostanze che indicano un&#8217;attivit\u00e0 illegale. L&#8217;obbligo di rimuovere o bloccare l&#8217;uso delle informazioni in conformit\u00e0 alle leggi generali rimane inalterato. Tuttavia, la responsabilit\u00e0 in questo senso \u00e8 possibile solo a partire dal momento in cui si viene a conoscenza di una concreta violazione della legge. Qualora venissimo a conoscenza di tali violazioni, provvederemo a rimuovere immediatamente i contenuti in questione.<\/p>\n<h2>Responsabilit\u00e0 per i link<\/h2>\n<p>Il nostro sito web contiene link a siti esterni di terzi sui cui contenuti non abbiamo alcuna influenza. Pertanto, non possiamo assumerci alcuna responsabilit\u00e0 per questi contenuti esterni. Il rispettivo fornitore o gestore delle pagine \u00e8 sempre responsabile del contenuto delle pagine collegate. Le pagine collegate sono state controllate per verificare la presenza di eventuali violazioni legali al momento del collegamento. Al momento del collegamento non sono stati individuati contenuti illegali. Tuttavia, un controllo permanente dei contenuti delle pagine collegate non \u00e8 ragionevole in assenza di indicazioni concrete di una violazione legale. Nel caso in cui venissimo a conoscenza di violazioni della legge, provvederemo a rimuovere immediatamente tali link.<\/p>\n<h2>Copyright<\/h2>\n<p>I contenuti e le opere create dagli operatori del sito su queste pagine sono soggetti alla legge tedesca sul copyright. La duplicazione, l&#8217;elaborazione, la distribuzione o qualsiasi forma di commercializzazione di tale materiale al di fuori dell&#8217;ambito di applicazione della legge sul diritto d&#8217;autore richiede il previo consenso scritto del rispettivo autore o creatore. Download e copie di questo sito sono consentiti solo per uso privato e non commerciale. Nella misura in cui i contenuti di questo sito non sono stati creati dal gestore, vengono rispettati i diritti d&#8217;autore di terzi. In particolare, i contenuti di terzi sono contrassegnati come tali. Se tuttavia doveste venire a conoscenza di una violazione del copyright, siete pregati di informarci. Qualora venissimo a conoscenza di violazioni, provvederemo a rimuovere immediatamente tali contenuti.<\/p>\n<\/div><\/section><\/div>\n","protected":false},"excerpt":{"rendered":"","protected":false},"author":1,"featured_media":0,"parent":0,"menu_order":0,"comment_status":"closed","ping_status":"closed","template":"","meta":{"_seopress_robots_primary_cat":"","_seopress_titles_title":"","_seopress_titles_desc":"","_seopress_robots_index":"","footnotes":""},"class_list":["post-198","page","type-page","status-publish","hentry"],"_links":{"self":[{"href":"https:\/\/www.berning-consulting.de\/it\/wp-json\/wp\/v2\/pages\/198","targetHints":{"allow":["GET"]}}],"collection":[{"href":"https:\/\/www.berning-consulting.de\/it\/wp-json\/wp\/v2\/pages"}],"about":[{"href":"https:\/\/www.berning-consulting.de\/it\/wp-json\/wp\/v2\/types\/page"}],"author":[{"embeddable":true,"href":"https:\/\/www.berning-consulting.de\/it\/wp-json\/wp\/v2\/users\/1"}],"replies":[{"embeddable":true,"href":"https:\/\/www.berning-consulting.de\/it\/wp-json\/wp\/v2\/comments?post=198"}],"version-history":[{"count":3,"href":"https:\/\/www.berning-consulting.de\/it\/wp-json\/wp\/v2\/pages\/198\/revisions"}],"predecessor-version":[{"id":202,"href":"https:\/\/www.berning-consulting.de\/it\/wp-json\/wp\/v2\/pages\/198\/revisions\/202"}],"wp:attachment":[{"href":"https:\/\/www.berning-consulting.de\/it\/wp-json\/wp\/v2\/media?parent=198"}],"curies":[{"name":"wp","href":"https:\/\/api.w.org\/{rel}","templated":true}]}}